{"id":1011,"date":"2019-04-22T14:11:26","date_gmt":"2019-04-22T12:11:26","guid":{"rendered":"http:\/\/toltecdc.com\/?page_id=1011"},"modified":"2024-02-09T17:19:47","modified_gmt":"2024-02-09T16:19:47","slug":"cookies","status":"publish","type":"page","link":"https:\/\/toltecdc.com\/?page_id=1011","title":{"rendered":"Cookies"},"content":{"rendered":"\n<p>Le site <a href=\"https:\/\/toltecdc.com\/\">https:\/\/toltecdc.com\/<\/a> <strong>ne comportent que des cookies n\u00e9cessaires au fonctionnement du site web et ne peuvent \u00eatre d\u00e9sactiv\u00e9s dans nos syst\u00e8mes<\/strong>. Ils sont g\u00e9n\u00e9ralement uniquement d\u00e9pos\u00e9s en r\u00e9ponse \u00e0 des actions de votre part correspondant \u00e0 une demande de services, comme d\u00e9finir vos pr\u00e9f\u00e9rences de confidentialit\u00e9, vous connecter ou remplir des formulaires. Vous pouvez configurer votre navigateur pour qu&rsquo;il bloque ces cookies ou vous signale leur pr\u00e9sence, mais certaines parties du site risquent alors de ne pas fonctionner.<\/p>\n\n\n\n<p><strong>Cookies n\u00e9cessaires utilis\u00e9s<\/strong><\/p>\n\n\n\n<figure class=\"wp-block-gallery has-nested-images columns-default is-cropped wp-block-gallery-1 is-layout-flex wp-block-gallery-is-layout-flex\">\n<figure class=\"wp-block-image\"><img loading=\"lazy\" decoding=\"async\" width=\"808\" height=\"509\" data-id=\"1079\" src=\"https:\/\/toltecdc.com\/wp-content\/uploads\/2019\/05\/2019-05-21-3.png\" alt=\"\" class=\"wp-image-1079\" srcset=\"https:\/\/toltecdc.com\/wp-content\/uploads\/2019\/05\/2019-05-21-3.png 808w, https:\/\/toltecdc.com\/wp-content\/uploads\/2019\/05\/2019-05-21-3-300x189.png 300w, https:\/\/toltecdc.com\/wp-content\/uploads\/2019\/05\/2019-05-21-3-768x484.png 768w\" sizes=\"(max-width: 767px) 89vw, (max-width: 1000px) 54vw, (max-width: 1071px) 543px, 580px\" \/><\/figure>\n<\/figure>\n\n\n\n<p>Les cookies n\u00e9cessaires contribuent \u00e0 rendre un site Web utilisable en activant des fonctions de base comme la navigation de page et l&rsquo;acc\u00e8s aux zones s\u00e9curis\u00e9es du site Web. Le site Web ne peut pas fonctionner correctement sans ces cookies.<\/p>\n","protected":false},"excerpt":{"rendered":"<p>Le site https:\/\/toltecdc.com\/ ne comportent que des cookies n\u00e9cessaires au fonctionnement du site web et ne peuvent \u00eatre d\u00e9sactiv\u00e9s dans nos syst\u00e8mes. Ils sont g\u00e9n\u00e9ralement uniquement d\u00e9pos\u00e9s en r\u00e9ponse \u00e0 des actions de votre part correspondant \u00e0 une demande de services, comme d\u00e9finir vos pr\u00e9f\u00e9rences de confidentialit\u00e9, vous connecter ou remplir des formulaires. Vous pouvez &hellip; <\/p>\n<p class=\"link-more\"><a href=\"https:\/\/toltecdc.com\/?page_id=1011\" class=\"more-link\">Continuer la lecture<span class=\"screen-reader-text\"> de &laquo;&nbsp;Cookies&nbsp;&raquo;<\/span><\/a><\/p>\n","protected":false},"author":1,"featured_media":0,"parent":0,"menu_order":0,"comment_status":"closed","ping_status":"closed","template":"","meta":{"footnotes":""},"_links":{"self":[{"href":"https:\/\/toltecdc.com\/index.php?rest_route=\/wp\/v2\/pages\/1011"}],"collection":[{"href":"https:\/\/toltecdc.com\/index.php?rest_route=\/wp\/v2\/pages"}],"about":[{"href":"https:\/\/toltecdc.com\/index.php?rest_route=\/wp\/v2\/types\/page"}],"author":[{"embeddable":true,"href":"https:\/\/toltecdc.com\/index.php?rest_route=\/wp\/v2\/users\/1"}],"replies":[{"embeddable":true,"href":"https:\/\/toltecdc.com\/index.php?rest_route=%2Fwp%2Fv2%2Fcomments&post=1011"}],"version-history":[{"count":11,"href":"https:\/\/toltecdc.com\/index.php?rest_route=\/wp\/v2\/pages\/1011\/revisions"}],"predecessor-version":[{"id":1181,"href":"https:\/\/toltecdc.com\/index.php?rest_route=\/wp\/v2\/pages\/1011\/revisions\/1181"}],"wp:attachment":[{"href":"https:\/\/toltecdc.com\/index.php?rest_route=%2Fwp%2Fv2%2Fmedia&parent=1011"}],"curies":[{"name":"wp","href":"https:\/\/api.w.org\/{rel}","templated":true}]}}