{"id":1151,"date":"2024-02-09T16:15:05","date_gmt":"2024-02-09T15:15:05","guid":{"rendered":"https:\/\/toltecdc.com\/?page_id=1151"},"modified":"2024-04-26T15:00:37","modified_gmt":"2024-04-26T13:00:37","slug":"notre-demarche-rse","status":"publish","type":"page","link":"https:\/\/toltecdc.com\/?page_id=1151","title":{"rendered":"Notre d\u00e9marche RSE"},"content":{"rendered":"\n<h2 class=\"wp-block-heading\"><strong>1. LA RSE AU COEUR DES ENJEUX DE CONFORMITE<\/strong><\/h2>\n\n\n\n<p>Nous sommes convaincus que la responsabilit\u00e9 soci\u00e9tale des entreprises  doit \u00eatre&nbsp;<strong>inscrite au c\u0153ur des enjeux de conformit\u00e9<\/strong>. C\u2019est pourquoi nous sommes d\u00e9termin\u00e9s \u00e0 \u00eatre un acteur incontournable dans la promotion des travaux de r\u00e9flexion sur ce sujet, en faisant du RSE la ligne de force diff\u00e9renciante de nos prestations.<\/p>\n\n\n\n<p>Nous sommes \u00e9galement conscients de l\u2019importance&nbsp;<strong>d\u2019apporter aux organisations les leviers n\u00e9cessaires pour repenser leur mod\u00e8le d\u2019affaires.<\/strong>&nbsp;C\u2019est pourquoi nous soutenons les travaux des acteurs qui \u00e9clairent les nouveaux mod\u00e8les \u00e9conomiques et int\u00e9grons la notion de redirection du business model dans nos missions. Nous sommes conscients de l\u2019importance de mesurer l\u2019impact de ces transformations et nous travaillons sur la m\u00e9thode pour le faire.<\/p>\n\n\n\n<p>Nous nous engageons \u00e0&nbsp;<strong>offrir \u00e0 nos collaborateurs un cadre de travail de qualit\u00e9<\/strong>, en \u00e9tant un incubateur d\u2019un projet d\u2019entreprise enthousiasmant et en les impliquant dans une dynamique d\u2019engagement soci\u00e9tal, que ce soit collectif ou individuel.<\/p>\n\n\n\n<p>Enfin, nous sommes convaincus que&nbsp;<strong>f\u00e9d\u00e9rer et nourrir un \u00e9cosyst\u00e8me d\u2019acteurs engag\u00e9s<\/strong>&nbsp;est essentiel pour r\u00e9ussir la transformation. <\/p>\n\n\n\n<h2 class=\"wp-block-heading\"><strong>2. NOS ENGAGEMENTS RSE <\/strong><\/h2>\n\n\n\n<p>Chez TOLTEC, nous sommes engag\u00e9s \u00e0 agir en tant qu\u2019acteur responsable, et nous avons pris des mesures concr\u00e8tes pour ce faire. Nous avons sign\u00e9 la Charte de la diversit\u00e9.\u00a0Nous avons fait l&rsquo;objet d&rsquo;une \u00e9valuation\u00a0<a href=\"https:\/\/ecovadis.com\/fr\/\" target=\"_blank\" rel=\"noreferrer noopener\">Ecovadis<\/a> en mars 2024 et obtenu la m\u00e9daille SILVER.<\/p>\n\n\n\n<figure class=\"wp-block-image size-full\"><img loading=\"lazy\" decoding=\"async\" width=\"713\" height=\"706\" src=\"https:\/\/toltecdc.com\/wp-content\/uploads\/2024\/03\/ecovadis-SILVER.jpg\" alt=\"\" class=\"wp-image-1197\" srcset=\"https:\/\/toltecdc.com\/wp-content\/uploads\/2024\/03\/ecovadis-SILVER.jpg 713w, https:\/\/toltecdc.com\/wp-content\/uploads\/2024\/03\/ecovadis-SILVER-300x297.jpg 300w, https:\/\/toltecdc.com\/wp-content\/uploads\/2024\/03\/ecovadis-SILVER-150x150.jpg 150w, https:\/\/toltecdc.com\/wp-content\/uploads\/2024\/03\/ecovadis-SILVER-100x100.jpg 100w\" sizes=\"(max-width: 713px) 100vw, 713px\" \/><\/figure>\n\n\n\n<p>Parmi les exemples d\u2019action men\u00e9es, nous pouvons citer&nbsp;:<\/p>\n\n\n\n<ul>\n<li><strong>Sensibiliser et former aux enjeux du d\u00e9veloppement durable<\/strong>. Nous proposons \u00e0 nos clients de les accompagner dans leur d\u00e9marche RSE et sensibilisons leurs \u00e9quipes,<\/li>\n\n\n\n<li><strong>R\u00e9duire notre empreinte carbone :<\/strong>&nbsp;Un consultant, \u00e7a se d\u00e9place beaucoup ! Nous favorisons la videoconf\u00e9rence et l\u2019utilisation de modes de transport \u00e0 faibles \u00e9missions, avec l\u2019interdiction de l\u2019usage de l\u2019avion lorsqu\u2019une alternative en train de moins de 4h00 existe, nous encourageons nos employ\u00e9s \u00e0 opter pour les transports en communs, le covoiturage ou encore le v\u00e9lo&nbsp;!<\/li>\n\n\n\n<li><strong>Num\u00e9rique responsable :&nbsp;<\/strong>Nous travaillons activement \u00e0 l\u2019allongement de la dur\u00e9e de vie de nos \u00e9quipements \u00e9lectroniques. Les ordinateurs sont gard\u00e9s en service un an de plus, soit 5 ans au lieu de 4 ans. <\/li>\n\n\n\n<li><strong>Sant\u00e9, s\u00e9curit\u00e9 et qualit\u00e9 de vie au travail :<\/strong>&nbsp;Que ce soit gr\u00e2ce \u00e0 l\u2019accord de t\u00e9l\u00e9travail ou la possibilit\u00e9 de home office, les collaborateurs s\u2019organisent pour accorder leur vie professionnelle et leur vie personnelle.<\/li>\n<\/ul>\n\n\n\n<p><\/p>\n\n\n\n<h2 class=\"wp-block-heading\">3. AU SEIN DE TOLTEC<\/h2>\n\n\n\n<p>Depuis 2018, nos&nbsp;\u00e9quipes partagent des valeurs fortes et une ambition commune : celle d\u2019acc\u00e9l\u00e9rer la transformation des mod\u00e8les \u00e9conomiques vers plus de responsabilit\u00e9 en donnant une place centrale \u00e0 la responsabilit\u00e9 soci\u00e9tale.<\/p>\n\n\n\n<p><strong>Pour plus de d\u00e9tails sur nos engagements RSE<\/strong>, t\u00e9l\u00e9charger notre <a href=\"https:\/\/toltecdc.com\/wp-content\/uploads\/2024\/02\/Charte-RSE-et-donnees-personnelles-TOLTEC-V20240209.pdf\">Charte RSE &amp; donn\u00e9es personnelles<\/a>, notre <a href=\"https:\/\/toltecdc.com\/wp-content\/uploads\/2024\/02\/Charte-Teletravail-TOLTEC-V2040209.pdf\">Charte de t\u00e9l\u00e9travail<\/a>, notre <a href=\"https:\/\/toltecdc.com\/wp-content\/uploads\/2024\/02\/Politique-environnementale-TOLTEC-V20240209.pdf\">politique environnementale<\/a>, notre <a href=\"https:\/\/toltecdc.com\/wp-content\/uploads\/2024\/02\/Politique-dachats-responsables-TOLTEC-V20240209.pdf\">politique d&rsquo;achat responsable<\/a>, notre <a href=\"https:\/\/toltecdc.com\/wp-content\/uploads\/2024\/02\/Charte-de-la-Diversite-TOLTEC-V20240209.pdf\">charte de la diversit\u00e9.<\/a> <\/p>\n","protected":false},"excerpt":{"rendered":"<p>1. LA RSE AU COEUR DES ENJEUX DE CONFORMITE Nous sommes convaincus que la responsabilit\u00e9 soci\u00e9tale des entreprises doit \u00eatre&nbsp;inscrite au c\u0153ur des enjeux de conformit\u00e9. C\u2019est pourquoi nous sommes d\u00e9termin\u00e9s \u00e0 \u00eatre un acteur incontournable dans la promotion des travaux de r\u00e9flexion sur ce sujet, en faisant du RSE la ligne de force diff\u00e9renciante &hellip; <\/p>\n<p class=\"link-more\"><a href=\"https:\/\/toltecdc.com\/?page_id=1151\" class=\"more-link\">Continuer la lecture<span class=\"screen-reader-text\"> de &laquo;&nbsp;Notre d\u00e9marche RSE&nbsp;&raquo;<\/span><\/a><\/p>\n","protected":false},"author":1,"featured_media":0,"parent":0,"menu_order":0,"comment_status":"closed","ping_status":"closed","template":"","meta":{"footnotes":""},"_links":{"self":[{"href":"https:\/\/toltecdc.com\/index.php?rest_route=\/wp\/v2\/pages\/1151"}],"collection":[{"href":"https:\/\/toltecdc.com\/index.php?rest_route=\/wp\/v2\/pages"}],"about":[{"href":"https:\/\/toltecdc.com\/index.php?rest_route=\/wp\/v2\/types\/page"}],"author":[{"embeddable":true,"href":"https:\/\/toltecdc.com\/index.php?rest_route=\/wp\/v2\/users\/1"}],"replies":[{"embeddable":true,"href":"https:\/\/toltecdc.com\/index.php?rest_route=%2Fwp%2Fv2%2Fcomments&post=1151"}],"version-history":[{"count":9,"href":"https:\/\/toltecdc.com\/index.php?rest_route=\/wp\/v2\/pages\/1151\/revisions"}],"predecessor-version":[{"id":1202,"href":"https:\/\/toltecdc.com\/index.php?rest_route=\/wp\/v2\/pages\/1151\/revisions\/1202"}],"wp:attachment":[{"href":"https:\/\/toltecdc.com\/index.php?rest_route=%2Fwp%2Fv2%2Fmedia&parent=1151"}],"curies":[{"name":"wp","href":"https:\/\/api.w.org\/{rel}","templated":true}]}}