{"id":1184,"date":"2024-02-27T10:46:31","date_gmt":"2024-02-27T09:46:31","guid":{"rendered":"https:\/\/toltecdc.com\/?page_id=1184"},"modified":"2024-02-27T10:49:10","modified_gmt":"2024-02-27T09:49:10","slug":"nos-principes-ethiques","status":"publish","type":"page","link":"https:\/\/toltecdc.com\/?page_id=1184","title":{"rendered":"Nos principes \u00e9thiques"},"content":{"rendered":"\n<p>1. Respecter la diversit\u00e9<br>2. Contribuer \u00e0 un environnement de travail s\u00fbr et sain <br>3. Privil\u00e9gier le dialogue social<br>4. Refuser tout harc\u00e8lement et toute discrimination<\/p>\n\n\n\n<p>5. Assurer la s\u00e9curit\u00e9 des personnes et des biens <br>6. Prot\u00e9ger les ressources et le patrimoine de l\u2019entreprise<br>7. Garantir la confidentialit\u00e9<br>8. Pr\u00e9server l\u2019environnement<\/p>\n\n\n\n<p>9. S\u00e9lectionner et traiter les fournisseurs avec objectivit\u00e9 et loyaut\u00e9<br>10. D\u00e9velopper des relations commerciales transparentes <br>11. Respecter les engagements vis-\u00e0-vis de nos partenaires <br>12. S\u2019interdire toute entente ou pratique d\u00e9loyale<\/p>\n\n\n\n<p>13. \u00catre int\u00e8gre, individuellement et collectivement <br>14. Fournir un reporting fiable et fid\u00e8le<br>15. \u00c9viter les conflits d\u2019int\u00e9r\u00eats<br>16. Refuser toute forme de corruption<\/p>\n\n\n\n<p>Nos principes \u00e9thiques ont pour objectif de formaliser le cadre \u00e9thique dans lequel l\u2019ensemble des collaborateurs et partenaires de TOLTEC doivent exercer leur activit\u00e9 professionnelle au quotidien.<br>Chacun doit conna\u00eetre et adopter ces principes, quelle que soit sa place dans l\u2019entreprise, en faisant preuve de r\u00e9flexion, de bon sens et de discernement.<\/p>\n\n\n\n<p>L\u2019engagement \u00e9thique de TOLTEC, s\u2019inscrit dans la continuit\u00e9 du respect et de la promotion par TOLTEC : <\/p>\n\n\n\n<p>&#8211; de la D\u00e9claration universelle des droits de l\u2019homme ;<br>&#8211; des huit conventions fondamentales de l\u2019OIT ;<br>&#8211; des principes directeurs de l\u2019OCDE  ;<br>&#8211; des dix principes du Pacte mondial de l\u2019ONU.<\/p>\n\n\n\n<p>Notre l\u00e9gitimit\u00e9 repose sur la force de nos convictions, la sinc\u00e9rit\u00e9 de nos comportements et la transparence de nos discours.<br>Notre r\u00e9putation, tout comme la confiance de nos clients et de tous nos partenaires, d\u00e9pend ainsi de la mani\u00e8re dont nous exer\u00e7ons notre m\u00e9tier de conseil.<br>La r\u00e9ussite de notre Projet implique \u00e9galement des relations de travail harmonieuses bas\u00e9es sur le respect et l\u2019\u00e9coute entre les femmes et les hommes qui participent au Projet TOLTEC, avec une \u00e9thique exemplaire et un strict respect des r\u00e9glementations.<\/p>\n\n\n\n<p><strong>EXEMPLARIT\u00c9 ET ENGAGEMENT<\/strong><br>L\u2019encadrement doit \u00eatre exemplaire dans son comportement et\u00a0engag\u00e9 dans le d\u00e9veloppement d\u2019une culture de confiance et\u00a0d\u2019int\u00e9grit\u00e9 au sein de TOLTEC.<br>Tout collaborateur ou partenaire peut signaler, \u00e0 partir des donn\u00e9es de\u00a0contact ci-apr\u00e8s, toute pratique ou action qu\u2019il estime contraire ou incompatible avec l\u2019un des principes \u00e9nonc\u00e9s.<br>La confidentialit\u00e9 des informations est garantie au cours de toutes les\u00a0\u00e9tapes du processus d\u2019alerte.<br>Chacun doit \u00e9viter de diffuser de fausses informations pouvant porter pr\u00e9judice \u00e0 ses coll\u00e8gues ou \u00e0 l\u2019entreprise.<\/p>\n\n\n\n<p><strong>COMMENT ALERTER<\/strong><br>La ligne d\u2019alerte \u00e9thique, disponible 24 heures sur 24, 7 jours sur 7 au +33 (0)6 85 56 52 41<br>Le dispositif d\u2019alerte \u00e9thique, \u00e9galement appel\u00e9 \u00ab Whistleblowing \u00bb permet aux personnes qui le souhaitent d\u2019alerter sur des situations ou des comportements en contradiction avec nos principes \u00e9thiques.<\/p>\n\n\n\n<p><br><\/p>\n","protected":false},"excerpt":{"rendered":"<p>1. Respecter la diversit\u00e92. Contribuer \u00e0 un environnement de travail s\u00fbr et sain 3. Privil\u00e9gier le dialogue social4. Refuser tout harc\u00e8lement et toute discrimination 5. Assurer la s\u00e9curit\u00e9 des personnes et des biens 6. Prot\u00e9ger les ressources et le patrimoine de l\u2019entreprise7. Garantir la confidentialit\u00e98. Pr\u00e9server l\u2019environnement 9. S\u00e9lectionner et traiter les fournisseurs avec objectivit\u00e9 &hellip; <\/p>\n<p class=\"link-more\"><a href=\"https:\/\/toltecdc.com\/?page_id=1184\" class=\"more-link\">Continuer la lecture<span class=\"screen-reader-text\"> de &laquo;&nbsp;Nos principes \u00e9thiques&nbsp;&raquo;<\/span><\/a><\/p>\n","protected":false},"author":1,"featured_media":0,"parent":0,"menu_order":0,"comment_status":"closed","ping_status":"closed","template":"","meta":{"footnotes":""},"_links":{"self":[{"href":"https:\/\/toltecdc.com\/index.php?rest_route=\/wp\/v2\/pages\/1184"}],"collection":[{"href":"https:\/\/toltecdc.com\/index.php?rest_route=\/wp\/v2\/pages"}],"about":[{"href":"https:\/\/toltecdc.com\/index.php?rest_route=\/wp\/v2\/types\/page"}],"author":[{"embeddable":true,"href":"https:\/\/toltecdc.com\/index.php?rest_route=\/wp\/v2\/users\/1"}],"replies":[{"embeddable":true,"href":"https:\/\/toltecdc.com\/index.php?rest_route=%2Fwp%2Fv2%2Fcomments&post=1184"}],"version-history":[{"count":4,"href":"https:\/\/toltecdc.com\/index.php?rest_route=\/wp\/v2\/pages\/1184\/revisions"}],"predecessor-version":[{"id":1189,"href":"https:\/\/toltecdc.com\/index.php?rest_route=\/wp\/v2\/pages\/1184\/revisions\/1189"}],"wp:attachment":[{"href":"https:\/\/toltecdc.com\/index.php?rest_route=%2Fwp%2Fv2%2Fmedia&parent=1184"}],"curies":[{"name":"wp","href":"https:\/\/api.w.org\/{rel}","templated":true}]}}