{"id":144,"date":"2018-08-06T17:00:28","date_gmt":"2018-08-06T15:00:28","guid":{"rendered":"http:\/\/toltecdc.com\/?page_id=144"},"modified":"2020-07-29T12:20:46","modified_gmt":"2020-07-29T10:20:46","slug":"mentions-legales-vie-privee","status":"publish","type":"page","link":"https:\/\/toltecdc.com\/?page_id=144","title":{"rendered":"Mentions l\u00e9gales &#038; Politique de protection des donn\u00e9es"},"content":{"rendered":"<div id=\"page-container\" class=\"et-animated-content\">\n<div id=\"et-main-area\">\n<div id=\"main-content\">\n<article id=\"post-6995\" class=\"post-6995 page type-page status-publish hentry\">\n<div class=\"entry-content\">\n<div class=\"et_pb_section et_pb_section_1 et_section_regular\">\n<div class=\"et_pb_row et_pb_row_0\">\n<div class=\"et_pb_column et_pb_column_4_4 et_pb_column_0 et_pb_css_mix_blend_mode_passthrough et-last-child\">\n<div class=\"et_pb_module et_pb_text et_pb_text_0 et_pb_bg_layout_light et_pb_text_align_left\">\n<div class=\"et_pb_text_inner\">\n<h2><strong><span id=\"result_box\" class=\"short_text\" lang=\"fr\">\u00c0 propos de nous<\/span><\/strong><\/h2>\n<p><strong>Editeur<\/strong><\/p>\n<p>TOLTEC &#8211; 76 rue du Moulin des Pr\u00e9s &#8211; 75013 Paris &#8211;\u00a0R.C.S. Paris 844 586 065<\/p>\n<p>Directeur de la publication :\u00a0 philippe.gabillault@toltecdc.com<\/p>\n<p><b><span data-contrast=\"none\">H<\/span><\/b><b><span data-contrast=\"none\">\u00e9bergement<\/span><\/b><span data-ccp-props=\"{&quot;134233117&quot;:true,&quot;201341983&quot;:0,&quot;335559739&quot;:120,&quot;335559740&quot;:240}\">\u00a0<\/span><\/p>\n<p><span data-contrast=\"none\">OVH \u2013 2 rue Kellermann \u2013 591<\/span><span data-contrast=\"none\">00 ROUBAIX<\/span><span data-ccp-props=\"{&quot;134233117&quot;:true,&quot;201341983&quot;:0,&quot;335559739&quot;:120,&quot;335559740&quot;:240}\">\u00a0<\/span><\/p>\n<p><b><span data-contrast=\"none\">Objectif et qualit\u00e9 des contenus<\/span><\/b><span data-ccp-props=\"{&quot;134233117&quot;:true,&quot;201341983&quot;:0,&quot;335559739&quot;:120,&quot;335559740&quot;:240}\">\u00a0<\/span><\/p>\n<p><span data-contrast=\"none\">Ce site a pour objectif d\u2019informer le grand public, les professionnels et les m\u00e9dias.\u00a0<\/span><span data-contrast=\"none\">L\u2019\u00e9diteur<\/span><span data-contrast=\"none\">\u00a0s\u2019efforce de fournir une information de qualit\u00e9 et v\u00e9rifi\u00e9e, toutefois si une information semble inexacte ou contient une erreur typographique, vous pouvez\u00a0<\/span><a href=\"philippe.gabillault@toltecdc.com\" target=\"_blank\" rel=\"noopener noreferrer\"><span data-contrast=\"none\">le signaler \u00e0 l\u2019administrateur du site<\/span><\/a><span data-contrast=\"none\">.<\/span><span data-ccp-props=\"{&quot;134233117&quot;:true,&quot;201341983&quot;:0,&quot;335559739&quot;:120,&quot;335559740&quot;:240}\">\u00a0<\/span><\/p>\n<p><b><span data-contrast=\"none\">Utilisation des marques TOLTEC<\/span><\/b><span data-ccp-props=\"{&quot;134233117&quot;:true,&quot;201341983&quot;:0,&quot;335559739&quot;:120,&quot;335559740&quot;:240}\">\u00a0<\/span><\/p>\n<p><span data-contrast=\"none\">Les marques verbales et visuelles (logos)\u00a0<\/span><span data-contrast=\"none\">TOLTEC <\/span><span data-contrast=\"none\">sont prot\u00e9g\u00e9es.<\/span><span data-ccp-props=\"{&quot;134233117&quot;:true,&quot;201341983&quot;:0,&quot;335559739&quot;:120,&quot;335559740&quot;:240}\">\u00a0<\/span><\/p>\n<p><span data-contrast=\"none\">Leur utilisation sans autorisation \u00e9crite de\u00a0<\/span><span data-contrast=\"none\">l\u2019\u00e9diteur<\/span><span data-contrast=\"none\">, sur tout support, \u00e0 des fins de valorisation de produits ou de services, notamment \u00e0 des fins commerciales, est interdite sous peine de poursuites p\u00e9nales et civiles.<\/span><span data-ccp-props=\"{&quot;134233117&quot;:true,&quot;201341983&quot;:0,&quot;335559739&quot;:120,&quot;335559740&quot;:240}\">\u00a0<\/span><\/p>\n<p><span data-contrast=\"none\">Elle est admise \u00e0 des fins strictement p\u00e9dagogiques (pr\u00e9sentation des actions de\u00a0<\/span><span data-contrast=\"none\">TOLTEC<\/span><span data-contrast=\"none\">, etc.).<\/span><span data-ccp-props=\"{&quot;134233117&quot;:true,&quot;201341983&quot;:0,&quot;335559739&quot;:120,&quot;335559740&quot;:240}\">\u00a0<\/span><\/p>\n<p><span data-contrast=\"none\">Pour toute autre r\u00e9utilisation,\u00a0<\/span><a href=\"philippe.gabillault@toltecdc.com\" target=\"_blank\" rel=\"noopener noreferrer\"><span data-contrast=\"none\">nous contacter<\/span><\/a><span data-ccp-props=\"{&quot;134233117&quot;:true,&quot;201341983&quot;:0,&quot;335559739&quot;:120,&quot;335559740&quot;:240}\">\u00a0<\/span><\/p>\n<h2><strong>Politique de protection des donn\u00e9es personnelles<\/strong><\/h2>\n<p><strong>C\u2019est tr\u00e8s simple:<\/strong> Nous mettons cette page \u00e0 disposition, nous nous assurons qu\u2019elle reste accessible en ligne et nous conduisons des statistiques anonymes afin de v\u00e9rifier son bon fonctionnement.<\/p>\n<p><strong>Pr\u00e9cisions<\/strong>: Lorsque vous visitez notre site, nous recevons certaines de vos donn\u00e9es personnelles (dites \u00ab\u00a0donn\u00e9es transactionnelles\u00a0\u00bb, telles que votre adresse IP). Nous utilisons ces donn\u00e9es afin d\u2019assurer la s\u00e9curit\u00e9 de notre site.<br \/>\n<strong>Stockage: <\/strong>Les donn\u00e9es transactionnelles ne font l\u2019objet d\u2019aucun enregistrement. Les donn\u00e9es du journal de s\u00e9curit\u00e9 comme, par exemple, l\u2019enregistrement d\u2019un \u00e9v\u00e9nement inattendu par le logiciel, sont supprim\u00e9es dans les 14 jours sauf s\u2019il existe une raison particuli\u00e8re justifiant un stockage plus long (par exemple, lorsqu\u2019une adresse IP doit \u00eatre d\u00e9sactiv\u00e9e)<br \/>\n<strong>Fondement juridique: <\/strong>Votre consentement \u00e0 obtenir l\u2019acc\u00e8s \u00e0 la page que vous avez demand\u00e9e ainsi que notre int\u00e9r\u00eat l\u00e9gitime \u00e0 assurer la s\u00e9curit\u00e9 de notre site.<br \/>\n<strong>Int\u00e9r\u00eat l\u00e9gitime<\/strong>: Pour des raisons de s\u00e9curit\u00e9, nous traitons des donn\u00e9es personnelles (adresses IP) sur cette page internet.<br \/>\n<strong>Autres destinataires: <\/strong>Aucun. Nous ne partageons pas vos informations avec d\u2019autres responsables de traitements.<br \/>\n<strong>Sous-traitants: <\/strong>Nous travaillons uniquement avec des sous-traitants de confiance qui traitent vos donn\u00e9es personnelles pour nous \u2013 actuellement sur cette page, nous employons OVH en tant que fournisseur.<br \/>\n<strong>Transferts vers des pays tiers<\/strong>: Toutes les donn\u00e9es sont stock\u00e9es au sein de l\u2019UE\/EEE.<br \/>\n<strong>Cookies<\/strong>: Nous ne stockons aucune donn\u00e9e personnelle dans des cookies. Nous stockons simplement vos param\u00e8tres de visite de mani\u00e8re non-personnalis\u00e9e (comme, par exemple, votre s\u00e9lection de la langue du site)<\/p>\n<p><strong>Lorsque vous partagez notre site sur les r\u00e9seaux sociaux ou suivez des liens vers notre site h\u00e9berg\u00e9s sur des r\u00e9seaux sociaux<\/strong><\/p>\n<p><strong>C\u2019est tr\u00e8s simple:<\/strong> Bien s\u00fbr, nous ne pouvons en aucun cas garantir que les autres sites agissent conform\u00e9ment au RGPD \u2013 mais y travailler est notre m\u00e9tier!<\/p>\n<p><strong>Pr\u00e9cisions: <\/strong>Si vous cliquez sur un bouton pour partager notre site, vous serez redirig\u00e9 vers la page internet du fournisseur du bouton de partage et la politique de protection des donn\u00e9es personnelles de ce dernier s\u2019appliquera. Nous ne pouvons pas garantir que cette plateforme agit conform\u00e9ment au RGPD, mais nous voulons nous en assurer avec votre soutien.<\/p>\n<p><strong>Pour toutes les autres situations, vous \u00eates titulaires des droits suivants<\/strong><\/p>\n<p><strong>C\u2019est tr\u00e8s simple:<\/strong> Envoyez un courriel \u00e0\u00a0 philippe.gabillault@toltecdc.com et nous nous en occuperons.<\/p>\n<p><strong>Pr\u00e9cisions:<\/strong> Vous avez le droit d\u2019acc\u00e8s, de rectification, d\u2019opposition, de restriction et de portabilit\u00e9 de vos donn\u00e9es et vous avez la possibilit\u00e9 de retirer votre consentement \u00e0 tout moment ainsi que de d\u00e9poser une plainte aupr\u00e8s de votre autorit\u00e9 de protection des donn\u00e9es.<\/p>\n<\/div>\n<\/div>\n<\/div>\n<\/div>\n<\/div>\n<\/div>\n<\/article>\n<\/div>\n<\/div>\n<\/div>\n","protected":false},"excerpt":{"rendered":"<p>\u00c0 propos de nous Editeur TOLTEC &#8211; 76 rue du Moulin des Pr\u00e9s &#8211; 75013 Paris &#8211;\u00a0R.C.S. Paris 844 586 065 Directeur de la publication :\u00a0 philippe.gabillault@toltecdc.com H\u00e9bergement\u00a0 OVH \u2013 2 rue Kellermann \u2013 59100 ROUBAIX\u00a0 Objectif et qualit\u00e9 des contenus\u00a0 Ce site a pour objectif d\u2019informer le grand public, les professionnels et les m\u00e9dias.\u00a0L\u2019\u00e9diteur\u00a0s\u2019efforce &hellip; <\/p>\n<p class=\"link-more\"><a href=\"https:\/\/toltecdc.com\/?page_id=144\" class=\"more-link\">Continuer la lecture<span class=\"screen-reader-text\"> de &laquo;&nbsp;Mentions l\u00e9gales &#038; Politique de protection des donn\u00e9es&nbsp;&raquo;<\/span><\/a><\/p>\n","protected":false},"author":1,"featured_media":0,"parent":0,"menu_order":0,"comment_status":"closed","ping_status":"closed","template":"","meta":{"footnotes":""},"_links":{"self":[{"href":"https:\/\/toltecdc.com\/index.php?rest_route=\/wp\/v2\/pages\/144"}],"collection":[{"href":"https:\/\/toltecdc.com\/index.php?rest_route=\/wp\/v2\/pages"}],"about":[{"href":"https:\/\/toltecdc.com\/index.php?rest_route=\/wp\/v2\/types\/page"}],"author":[{"embeddable":true,"href":"https:\/\/toltecdc.com\/index.php?rest_route=\/wp\/v2\/users\/1"}],"replies":[{"embeddable":true,"href":"https:\/\/toltecdc.com\/index.php?rest_route=%2Fwp%2Fv2%2Fcomments&post=144"}],"version-history":[{"count":3,"href":"https:\/\/toltecdc.com\/index.php?rest_route=\/wp\/v2\/pages\/144\/revisions"}],"predecessor-version":[{"id":1136,"href":"https:\/\/toltecdc.com\/index.php?rest_route=\/wp\/v2\/pages\/144\/revisions\/1136"}],"wp:attachment":[{"href":"https:\/\/toltecdc.com\/index.php?rest_route=%2Fwp%2Fv2%2Fmedia&parent=144"}],"curies":[{"name":"wp","href":"https:\/\/api.w.org\/{rel}","templated":true}]}}