{"id":32,"date":"2018-07-12T09:00:53","date_gmt":"2018-07-12T07:00:53","guid":{"rendered":"http:\/\/toltecdc.com\/?page_id=32"},"modified":"2024-02-09T17:08:48","modified_gmt":"2024-02-09T16:08:48","slug":"bienvenue-sur-le-site-de-toltec","status":"publish","type":"page","link":"https:\/\/toltecdc.com\/?page_id=32","title":{"rendered":"TOLTEC ?"},"content":{"rendered":"\n<p><strong>TOLTEC est un cabinet de services et de conseil aux entreprises reconnue pour son expertise en mati\u00e8re de conformit\u00e9 r\u00e8glementaire et de secr\u00e9tariat g\u00e9n\u00e9ral externalis\u00e9.<\/strong><\/p>\n\n\n<p><span class=\"lt-line-clamp__line\"><strong>TOLTEC<\/strong> est une soci\u00e9t\u00e9 qui conseille les acteurs \u00e9conomiques (entreprises, collectivit\u00e9s, associations<\/span> <span class=\"lt-line-clamp__line\">et personnes) pour les aider \u00e0 prendre les bonnes d\u00e9cisions. <\/span><\/p>\n<p><span class=\"lt-line-clamp__line\">Trois verbes guident les<\/span> <span class=\"lt-line-clamp__line\">actions de TOLTEC : <strong>RESPECTER, PROTEGER et VALORISER.<\/strong><\/span><\/p>\n<p><span class=\"lt-line-clamp__line\">TOLTEC conseille, notamment, les acteurs \u00e9conomiques dans la construction de programmes de conformit\u00e9 adapt\u00e9s \u00e0<\/span> <span class=\"lt-line-clamp__line\">chacun d&rsquo;eux, et plus particuli\u00e8rement de protection des donn\u00e9es et de la vie priv\u00e9e<\/span><span class=\"lt-line-clamp__line\">.<\/span><\/p>\n<p>La connaissance de la r\u00e8glementation et l&rsquo;exp\u00e9rience de TOLTEC, dans le fonctionnement des entreprises permettent de prot\u00e9ger et valoriser durablement les actifs des entreprises.<\/p>\n<p>TOLTEC accompagne notamment les entreprises dans :<\/p>\n<p>a) la formalisation d\u2019une vision strat\u00e9gique et \u00e9thique de leur conformit\u00e9, de la protection des donn\u00e9es et de la vie priv\u00e9e<br \/>\nb) l&rsquo;obtention de labels et de certifications reconnues par les autorit\u00e9s<br \/>\nc) la valorisation durable, responsable et \u00e9thique de leurs actifs immat\u00e9riels<br \/>\nd) l&rsquo;utilisation des meilleurs standards du march\u00e9.<\/p>\n<p>Elle propose \u00e9galement des services de D\u00e9l\u00e9gu\u00e9 \u00e0 la Protection des Donn\u00e9es (DPO) Externe ou de Transition, mais aussi de conseils et de formation aux DPO Internes, responsables des donn\u00e9es, responsables de la s\u00e9curit\u00e9 et aux responsables de traitements des entreprises et associations soumises aux obligations du R\u00e8glement G\u00e9n\u00e9ral sur la Protection des Donn\u00e9es (RGPD).<\/p>\n<p><strong>TOLTEC<\/strong> a d\u00e9but\u00e9 son activit\u00e9 le 1er octobre 2018 .<\/p>\n<p><strong>TOLTEC<\/strong> a pour fil conducteur l\u2019esprit des accords de la culture m\u00e9soam\u00e9ricaine Tolt\u00e8que, \u00e0 savoir\u00a0:<\/p>\n<p>(1) une parole <strong>impeccable et int\u00e8gre<\/strong>\u00a0;<br \/>\n(2) ne pas faire d\u2019une probl\u00e9matique une affaire personnelle, \u00eatre <strong>factuel<\/strong>\u00a0;<br \/>\n(3) ne pas faire de suppositions, <strong>poser les questions et communiquer clairement<\/strong>\u00a0;<br \/>\n(4) <strong>faire toujours au mieux de l\u2019\u00e9tat de l\u2019art<\/strong> en tenant compte des ressources et comp\u00e9tences, en proposant des <strong>services innovants, simples et\u00a0 \u00e0 forte valeur ajout\u00e9e<\/strong>.<\/p>","protected":false},"excerpt":{"rendered":"<p>TOLTEC est un cabinet de services et de conseil aux entreprises reconnue pour son expertise en mati\u00e8re de conformit\u00e9 r\u00e8glementaire et de secr\u00e9tariat g\u00e9n\u00e9ral externalis\u00e9. TOLTEC est une soci\u00e9t\u00e9 qui conseille les acteurs \u00e9conomiques (entreprises, collectivit\u00e9s, associations et personnes) pour les aider \u00e0 prendre les bonnes d\u00e9cisions. Trois verbes guident les actions de TOLTEC : &hellip; <\/p>\n<p class=\"link-more\"><a href=\"https:\/\/toltecdc.com\/?page_id=32\" class=\"more-link\">Continuer la lecture<span class=\"screen-reader-text\"> de &laquo;&nbsp;TOLTEC ?&nbsp;&raquo;<\/span><\/a><\/p>\n","protected":false},"author":1,"featured_media":0,"parent":0,"menu_order":0,"comment_status":"closed","ping_status":"closed","template":"","meta":{"footnotes":""},"_links":{"self":[{"href":"https:\/\/toltecdc.com\/index.php?rest_route=\/wp\/v2\/pages\/32"}],"collection":[{"href":"https:\/\/toltecdc.com\/index.php?rest_route=\/wp\/v2\/pages"}],"about":[{"href":"https:\/\/toltecdc.com\/index.php?rest_route=\/wp\/v2\/types\/page"}],"author":[{"embeddable":true,"href":"https:\/\/toltecdc.com\/index.php?rest_route=\/wp\/v2\/users\/1"}],"replies":[{"embeddable":true,"href":"https:\/\/toltecdc.com\/index.php?rest_route=%2Fwp%2Fv2%2Fcomments&post=32"}],"version-history":[{"count":28,"href":"https:\/\/toltecdc.com\/index.php?rest_route=\/wp\/v2\/pages\/32\/revisions"}],"predecessor-version":[{"id":1174,"href":"https:\/\/toltecdc.com\/index.php?rest_route=\/wp\/v2\/pages\/32\/revisions\/1174"}],"wp:attachment":[{"href":"https:\/\/toltecdc.com\/index.php?rest_route=%2Fwp%2Fv2%2Fmedia&parent=32"}],"curies":[{"name":"wp","href":"https:\/\/api.w.org\/{rel}","templated":true}]}}