{"id":868,"date":"2019-02-04T16:20:18","date_gmt":"2019-02-04T15:20:18","guid":{"rendered":"http:\/\/toltecdc.com\/?page_id=868"},"modified":"2019-03-28T15:16:25","modified_gmt":"2019-03-28T14:16:25","slug":"contributions","status":"publish","type":"page","link":"https:\/\/toltecdc.com\/?page_id=868","title":{"rendered":"Contributions"},"content":{"rendered":"<p>Retrouvez toutes nos contributions, en cliquant sur les liens ci-dessous :<\/p>\n<p><a href=\"https:\/\/medium.com\/@philippegabil\/contribution-11-cest-maintenant-que-tout-commence-8b4d561a0d7f\">11 &#8211; C&rsquo;est maintenant que tout commence &#8230;<\/a><\/p>\n<p><a href=\"https:\/\/medium.com\/@philippegabil\/contribution-10-linnovation-juridique-c-est-quoi-ade749ee19ed\">10 &#8211;\u00a0 L&rsquo;innovation juridique, c&rsquo;est quoi ?<\/a><\/p>\n<p><a href=\"https:\/\/medium.com\/@philippegabil\/ecotrail-paris-2019-80-km-pour-lassociation-respect-zone-2c4ebf472bdf\">HorsSerie &#8211; Ecotrail de Paris 80 km pour Respect Zone<\/a><\/p>\n<p><a href=\"https:\/\/medium.com\/@philippegabil\/contribution-9-l-atelier-rgpd-le-mooc-de-la-cnil-au-banc-d-essai-aaa8e4330267\">9\u00a0 &#8211; L\u2019\u00ab Atelier RGPD \u00bb , le MOOC de la CNIL au banc d\u2019essai<\/a><\/p>\n<p><a href=\"https:\/\/medium.com\/@philippegabil\/contribution-8-ouvrons-nos-yeux-73d3d8e6c9d1\">8\u00a0 &#8211; Ouvrons les yeux sur le monde qui nous entoure<\/a><\/p>\n<p><a href=\"https:\/\/medium.com\/@philippegabil\/contribution-7-le-paradoxe-de-la-donn\u00e9e-notre-devoir-de-vigilance-97bce55ae14a\">7 &#8211; Le paradoxe de la donn\u00e9e &#8211; notre devoir de vigilance<\/a><\/p>\n<p><a href=\"https:\/\/medium.com\/@philippegabil\/contribution-6-doctrine-un-nouvel-acteur-qui-ne-laisse-pas-indiff\u00e9rent-2ff353f870ee\">\u00a06 \u2013 Doctrine, un nouvel acteur qui ne laisse pas indiff\u00e9rent<\/a><\/p>\n<p><a href=\"https:\/\/medium.com\/@philippegabil\/contribution-5-reprenez-le-contr\u00f4le-de-vos-donn\u00e9es-et-de-votre-vie-priv\u00e9e-31f867a804c5\">5 &#8211; Reprenez le contr\u00f4le de vos donn\u00e9es et de votre vie priv\u00e9e<\/a><\/p>\n<p><a href=\"https:\/\/medium.com\/@philippegabil\/contribution-4-la-promotion-du-respect-sera-essentielle-dans-la-valorisation-des-entreprises-6359d7ef9276\">4\u200a-\u200aLa promotion du respect sera essentielle dans la valorisation des entreprises<\/a><\/p>\n<p><a href=\"https:\/\/medium.com\/@philippegabil\/contribution-3-10-legal-techs-au-banc-dessai-8cfbf5b8cc86\">3 &#8211;\u00a0 G\u00e9n\u00e9ration de contrats : 10 Legal Techs au banc d&rsquo;essai<\/a><\/p>\n<p><a href=\"https:\/\/medium.com\/@philippegabil\/contribution-2-le-pacte-dassoci\u00e9s-un-document-essentiel-pour-le-meilleur-et-pour-le-pire-2d0a57aa0037\">2<span style=\"color: #ba2010;\"> &#8211;<\/span> Aider les entrepreneurs \u00e0 appr\u00e9hender les enjeux du pacte d\u2019associ\u00e9s :\u00a0 un document essentiel pour le meilleur et pour le pire.<\/a><\/p>\n<p><a href=\"https:\/\/medium.com\/@philippegabil\/pour-un-open-source-du-droit-contribution-1-limitons-la-taille-de-nos-contrats-\u00e0-deux-pages-9c4685ac8d42\">1 &#8211; Limitons la taille de nos contrats : pour simplifier, clarifier et \u00e9quilibrer nos relations avec les tiers<\/a><\/p>\n<p>&nbsp;<\/p>\n<p>&nbsp;<\/p>\n<p>&nbsp;<\/p>\n<p>&nbsp;<\/p>\n<p><em>c<\/em>ontacter :\u00a0philippe.gabillault@toltecdc.com<\/p>\n","protected":false},"excerpt":{"rendered":"<p>Retrouvez toutes nos contributions, en cliquant sur les liens ci-dessous : 11 &#8211; C&rsquo;est maintenant que tout commence &#8230; 10 &#8211;\u00a0 L&rsquo;innovation juridique, c&rsquo;est quoi ? HorsSerie &#8211; Ecotrail de Paris 80 km pour Respect Zone 9\u00a0 &#8211; L\u2019\u00ab Atelier RGPD \u00bb , le MOOC de la CNIL au banc d\u2019essai 8\u00a0 &#8211; Ouvrons les &hellip; <\/p>\n<p class=\"link-more\"><a href=\"https:\/\/toltecdc.com\/?page_id=868\" class=\"more-link\">Continuer la lecture<span class=\"screen-reader-text\"> de &laquo;&nbsp;Contributions&nbsp;&raquo;<\/span><\/a><\/p>\n","protected":false},"author":1,"featured_media":0,"parent":0,"menu_order":0,"comment_status":"closed","ping_status":"closed","template":"","meta":{"footnotes":""},"_links":{"self":[{"href":"https:\/\/toltecdc.com\/index.php?rest_route=\/wp\/v2\/pages\/868"}],"collection":[{"href":"https:\/\/toltecdc.com\/index.php?rest_route=\/wp\/v2\/pages"}],"about":[{"href":"https:\/\/toltecdc.com\/index.php?rest_route=\/wp\/v2\/types\/page"}],"author":[{"embeddable":true,"href":"https:\/\/toltecdc.com\/index.php?rest_route=\/wp\/v2\/users\/1"}],"replies":[{"embeddable":true,"href":"https:\/\/toltecdc.com\/index.php?rest_route=%2Fwp%2Fv2%2Fcomments&post=868"}],"version-history":[{"count":15,"href":"https:\/\/toltecdc.com\/index.php?rest_route=\/wp\/v2\/pages\/868\/revisions"}],"predecessor-version":[{"id":987,"href":"https:\/\/toltecdc.com\/index.php?rest_route=\/wp\/v2\/pages\/868\/revisions\/987"}],"wp:attachment":[{"href":"https:\/\/toltecdc.com\/index.php?rest_route=%2Fwp%2Fv2%2Fmedia&parent=868"}],"curies":[{"name":"wp","href":"https:\/\/api.w.org\/{rel}","templated":true}]}}